{"id":254,"date":"2025-02-20T18:24:08","date_gmt":"2025-02-20T18:24:08","guid":{"rendered":"https:\/\/r1news.com.br\/?page_id=254"},"modified":"2025-03-11T12:38:57","modified_gmt":"2025-03-11T12:38:57","slug":"sobre-nos","status":"publish","type":"page","link":"https:\/\/r1news.com.br\/it\/sobre-nos\/","title":{"rendered":"Chi siamo"},"content":{"rendered":"<p>Benvenuti a <strong>Notizie R1<\/strong> \u2013 Informazioni preziose su Internet!<\/p>\n\n\n\n<p>Crediamo che la conoscenza sia la chiave per la crescita personale e professionale. Ecco perch\u00e9 abbiamo creato il <strong>Notizie R1<\/strong> con l\u2019obiettivo di fornire contenuti di qualit\u00e0, aiutandoti a rimanere aggiornato sul mercato del lavoro, sviluppare nuove competenze e trovare le migliori opportunit\u00e0 di professionalizzazione.<\/p>\n\n\n\n<hr class=\"wp-block-separator has-alpha-channel-opacity\"\/>\n\n\n\n<h3 class=\"wp-block-heading\"><strong>Chi siamo<\/strong><\/h3>\n\n\n\n<p>IL <strong>Notizie R1<\/strong> \u00e8 un portale dedicato alla diffusione di corsi e contenuti finalizzati alla formazione e all\u2019aggiornamento professionale. Siamo un team di esperti di contenuti, formazione e tecnologia impegnati a fornirti le migliori informazioni e indicazioni per aiutarti a raggiungere i tuoi obiettivi.<\/p>\n\n\n\n<p>Il nostro obiettivo \u00e8 creare uno spazio in cui apprendimento e informazioni preziose siano a portata di mano. Che tu voglia trovare un nuovo corso, migliorare le tue competenze o rimanere aggiornato sulle ultime tendenze del mercato, <strong>Notizie R1<\/strong> \u00e8 qui per guidarti in questo viaggio.<\/p>\n\n\n\n<hr class=\"wp-block-separator has-alpha-channel-opacity\"\/>\n\n\n\n<h3 class=\"wp-block-heading\"><strong>Il nostro scopo<\/strong><\/h3>\n\n\n\n<p>Il nostro impegno \u00e8 rendere le informazioni accessibili e utili a tutti. Crediamo che la conoscenza sia uno dei pilastri del successo e il nostro obiettivo \u00e8 aiutarti a trovare i percorsi migliori per la tua crescita personale e professionale.<\/p>\n\n\n\n<hr class=\"wp-block-separator has-alpha-channel-opacity\"\/>\n\n\n\n<h3 class=\"wp-block-heading\"><strong>Vogliamo sentire la tua opinione<\/strong><\/h3>\n\n\n\n<p>La tua opinione \u00e8 molto importante per noi! Apprezziamo le vostre idee e suggerimenti per realizzare il <strong>Notizie R1<\/strong> sempre pi\u00f9 utili e rilevanti per te.<\/p>\n\n\n\n<p>\ud83d\udce9 <strong>Contattaci:<\/strong><br>\ud83d\udc49 E-mail: <a>dmbportaisnovos@gmail.com<\/a><br>\ud83d\udc49 Sito web: <a href=\"https:\/\/r1news.com.br\/it\/\">https:\/\/r1news.com.br<\/a><\/p>\n\n\n\n<p>Segui il <strong>Notizie R1<\/strong> e scopri come la giusta conoscenza pu\u00f2 trasformare la tua vita!<\/p>","protected":false},"excerpt":{"rendered":"<p>Bem-vindo ao R1 News \u2013 Informa\u00e7\u00e3o de valor na internet! N\u00f3s acreditamos que o conhecimento \u00e9 a chave para o crescimento pessoal e profissional. Por isso, criamos o R1 News com o objetivo de fornecer conte\u00fados de qualidade, ajudando voc\u00ea a se atualizar sobre o mercado de trabalho, desenvolver novas habilidades e encontrar as melhores&hellip;&nbsp;<a href=\"https:\/\/r1news.com.br\/it\/sobre-nos\/\" rel=\"bookmark\"><span class=\"screen-reader-text\">Chi siamo<\/span><\/a><\/p>","protected":false},"author":2,"featured_media":229,"parent":0,"menu_order":0,"comment_status":"closed","ping_status":"closed","template":"","meta":{"neve_meta_sidebar":"","neve_meta_container":"","neve_meta_enable_content_width":"","neve_meta_content_width":0,"neve_meta_title_alignment":"","neve_meta_author_avatar":"","neve_post_elements_order":"","neve_meta_disable_header":"","neve_meta_disable_footer":"","neve_meta_disable_title":"","footnotes":""},"class_list":["post-254","page","type-page","status-publish","has-post-thumbnail","hentry"],"_links":{"self":[{"href":"https:\/\/r1news.com.br\/it\/wp-json\/wp\/v2\/pages\/254","targetHints":{"allow":["GET"]}}],"collection":[{"href":"https:\/\/r1news.com.br\/it\/wp-json\/wp\/v2\/pages"}],"about":[{"href":"https:\/\/r1news.com.br\/it\/wp-json\/wp\/v2\/types\/page"}],"author":[{"embeddable":true,"href":"https:\/\/r1news.com.br\/it\/wp-json\/wp\/v2\/users\/2"}],"replies":[{"embeddable":true,"href":"https:\/\/r1news.com.br\/it\/wp-json\/wp\/v2\/comments?post=254"}],"version-history":[{"count":2,"href":"https:\/\/r1news.com.br\/it\/wp-json\/wp\/v2\/pages\/254\/revisions"}],"predecessor-version":[{"id":367,"href":"https:\/\/r1news.com.br\/it\/wp-json\/wp\/v2\/pages\/254\/revisions\/367"}],"wp:featuredmedia":[{"embeddable":true,"href":"https:\/\/r1news.com.br\/it\/wp-json\/wp\/v2\/media\/229"}],"wp:attachment":[{"href":"https:\/\/r1news.com.br\/it\/wp-json\/wp\/v2\/media?parent=254"}],"curies":[{"name":"wp","href":"https:\/\/api.w.org\/{rel}","templated":true}]}}