{"id":258,"date":"2025-02-20T18:35:13","date_gmt":"2025-02-20T18:35:13","guid":{"rendered":"https:\/\/r1news.com.br\/?page_id=258"},"modified":"2026-03-14T18:57:02","modified_gmt":"2026-03-14T18:57:02","slug":"politicas-de-privacidade","status":"publish","type":"page","link":"https:\/\/r1news.com.br\/fr\/politicas-de-privacidade\/","title":{"rendered":"Pol\u00edtica De Privacidade\u00daltima atualiza\u00e7\u00e3o: [Data Atual]"},"content":{"rendered":"<p>Le respect de votre vie priv\u00e9e est notre priorit\u00e9. <strong>R1News<\/strong>Cette politique de confidentialit\u00e9 d\u00e9crit comment... <strong>R1News<\/strong> collecte, utilise, stocke, partage et prot\u00e8ge vos donn\u00e9es personnelles, conform\u00e9ment \u00e0 la <strong>Loi g\u00e9n\u00e9rale sur la protection des donn\u00e9es<\/strong> (Loi n\u00b0 13.709\/2018 \u2013 LGPD) et autres l\u00e9gislations applicables, y compris les lignes directrices de <strong>Google AdSense<\/strong>, <strong>RGPD<\/strong> et autres normes internationales en mati\u00e8re de protection de la vie priv\u00e9e.<\/p>\n\n\n\n<h3 class=\"wp-block-heading\">1. <strong>Informations que nous recueillons<\/strong><\/h3>\n\n\n\n<p>Nous collectons des donn\u00e9es personnelles et non personnelles afin d&#039;offrir une exp\u00e9rience plus personnalis\u00e9e et pertinente \u00e0 nos utilisateurs. Les informations peuvent \u00eatre collect\u00e9es de diff\u00e9rentes mani\u00e8res\u00a0:<\/p>\n\n\n\n<h4 class=\"wp-block-heading\">1.1 <strong>Informations fournies directement par vous.<\/strong>:<\/h4>\n\n\n\n<ul class=\"wp-block-list\">\n<li>Par exemple, votre nom, votre adresse \u00e9lectronique, votre num\u00e9ro de t\u00e9l\u00e9phone et autres donn\u00e9es fournies lors du remplissage de formulaires ou de l&#039;interaction avec le contenu de notre site Web.<\/li>\n<\/ul>\n\n\n\n<h4 class=\"wp-block-heading\">1.2 <strong>Donn\u00e9es collect\u00e9es automatiquement<\/strong>:<\/h4>\n\n\n\n<ul class=\"wp-block-list\">\n<li>Nous utilisons des cookies, des journaux d&#039;acc\u00e8s, des balises Web et d&#039;autres technologies pour comprendre comment les visiteurs interagissent avec notre site Web et pour am\u00e9liorer l&#039;exp\u00e9rience utilisateur.<\/li>\n<\/ul>\n\n\n\n<h4 class=\"wp-block-heading\">1.3 <strong>Informations provenant de tiers<\/strong>:<\/h4>\n\n\n\n<ul class=\"wp-block-list\">\n<li>Nous collectons des donn\u00e9es provenant de plateformes publicitaires et de services d&#039;analyse de trafic (Google Analytics, Meta, etc.), avec votre consentement, afin de personnaliser les publicit\u00e9s et de mesurer les performances du site web.<\/li>\n<\/ul>\n\n\n\n<h4 class=\"wp-block-heading\">1.4 <strong>Donn\u00e9es de localisation<\/strong>:<\/h4>\n\n\n\n<ul class=\"wp-block-list\">\n<li>Selon les param\u00e8tres de votre appareil, nous pouvons collecter des informations de localisation afin d&#039;am\u00e9liorer nos services.<\/li>\n<\/ul>\n\n\n\n<hr class=\"wp-block-separator has-alpha-channel-opacity\"\/>\n\n\n\n<h3 class=\"wp-block-heading\">2. <strong>Utilisation des cookies et des technologies similaires<\/strong><\/h3>\n\n\n\n<h4 class=\"wp-block-heading\">2.1 <strong>Que sont les cookies ?<\/strong><\/h4>\n\n\n\n<ul class=\"wp-block-list\">\n<li>Les cookies sont de petits fichiers texte enregistr\u00e9s sur votre appareil lorsque vous acc\u00e9dez \u00e0 notre site web. Ils permettent d&#039;am\u00e9liorer la fonctionnalit\u00e9, la s\u00e9curit\u00e9 et votre exp\u00e9rience de navigation en permettant au site web de m\u00e9moriser vos pr\u00e9f\u00e9rences et vos activit\u00e9s pr\u00e9c\u00e9dentes.<\/li>\n<\/ul>\n\n\n\n<h4 class=\"wp-block-heading\">2.2 <strong>Objectif des cookies<\/strong>:<\/h4>\n\n\n\n<p>Nous utilisons des cookies \u00e0 diverses fins, notamment\u00a0:<\/p>\n\n\n\n<ul class=\"wp-block-list\">\n<li><strong>Analytique<\/strong>Les cookies comme Google Analytics nous aident \u00e0 comprendre comment les visiteurs interagissent avec le site web.<\/li>\n\n\n\n<li><strong>Publicit\u00e9<\/strong>Les cookies tiers, tels que ceux de Google AdSense, permettent d&#039;afficher des publicit\u00e9s personnalis\u00e9es en fonction de votre comportement de navigation et de vos centres d&#039;int\u00e9r\u00eat.<\/li>\n\n\n\n<li><strong>Fonctionnalit\u00e9<\/strong>Les cookies de fonctionnalit\u00e9 nous aident \u00e0 m\u00e9moriser vos pr\u00e9f\u00e9rences, telles que la langue ou la r\u00e9gion.<\/li>\n<\/ul>\n\n\n\n<h4 class=\"wp-block-heading\">2.3 <strong>Consentement aux cookies<\/strong>:<\/h4>\n\n\n\n<p>Lorsque vous acc\u00e9dez \u00e0 notre site web, une banni\u00e8re relative aux cookies vous demandera votre consentement \u00e0 l&#039;utilisation de cookies non essentiels. Vous pouvez\u00a0:<\/p>\n\n\n\n<ul class=\"wp-block-list\">\n<li>Accepter ou refuser les cookies non essentiels.<\/li>\n\n\n\n<li>G\u00e9rez vos pr\u00e9f\u00e9rences en mati\u00e8re de cookies directement dans votre navigateur ou via la banni\u00e8re de cookies.<\/li>\n<\/ul>\n\n\n\n<h4 class=\"wp-block-heading\">2.4 <strong>Comment g\u00e9rer vos pr\u00e9f\u00e9rences en mati\u00e8re de cookies<\/strong>:<\/h4>\n\n\n\n<p>Vous pouvez d\u00e9sactiver ou g\u00e9rer les cookies \u00e0 tout moment dans les param\u00e8tres de votre navigateur. De plus, vous pouvez contr\u00f4ler les cookies publicitaires tiers via les plateformes suivantes\u00a0:<\/p>\n\n\n\n<ul class=\"wp-block-list\">\n<li><strong>Param\u00e8tres des annonces Google<\/strong>: <a href=\"https:\/\/myadcenter.google.com\/personalizationoff\">Param\u00e8tres des annonces Google<\/a><\/li>\n\n\n\n<li><strong>Vos choix publicitaires<\/strong>: <a href=\"https:\/\/www.youradchoices.com\/\">Vos choix publicitaires<\/a><\/li>\n\n\n\n<li><strong>Sites partenaires \u2013 Google<\/strong>: <a href=\"https:\/\/policies.google.com\/technologies\/partner-sites\">Politique relative aux cookies des sites partenaires<\/a><\/li>\n<\/ul>\n\n\n\n<hr class=\"wp-block-separator has-alpha-channel-opacity\"\/>\n\n\n\n<h3 class=\"wp-block-heading\">3. <strong>Publicit\u00e9 personnalis\u00e9e et cookies tiers<\/strong><\/h3>\n\n\n\n<p>LE <strong>R1News<\/strong> Il utilise des services publicitaires tiers, tels que\u00a0:<\/p>\n\n\n\n<ul class=\"wp-block-list\">\n<li><strong>Google AdSense<\/strong><\/li>\n\n\n\n<li><strong>Gestionnaire de publicit\u00e9s Google<\/strong><\/li>\n\n\n\n<li><strong>Meta Ads<\/strong> (Facebook\/Instagram)<\/li>\n<\/ul>\n\n\n\n<p>Ces plateformes utilisent des cookies pour\u00a0:<\/p>\n\n\n\n<ul class=\"wp-block-list\">\n<li>Afficher des publicit\u00e9s personnalis\u00e9es en fonction de votre historique de navigation.<\/li>\n\n\n\n<li>Mesurer la performance des campagnes publicitaires.<\/li>\n\n\n\n<li>Contr\u00f4lez la fr\u00e9quence d&#039;affichage des publicit\u00e9s.<\/li>\n<\/ul>\n\n\n\n<h4 class=\"wp-block-heading\">3.1 <strong>M\u00e9canisme de d\u00e9sactivation (d\u00e9sactivation de la publicit\u00e9 personnalis\u00e9e)<\/strong>:<\/h4>\n\n\n\n<p>Vous pouvez d\u00e9sactiver la publicit\u00e9 personnalis\u00e9e \u00e0 tout moment via les liens suivants\u00a0:<\/p>\n\n\n\n<ul class=\"wp-block-list\">\n<li><strong>Param\u00e8tres des annonces Google<\/strong>: <a href=\"https:\/\/myadcenter.google.com\/personalizationoff\">Param\u00e8tres des annonces Google<\/a><\/li>\n\n\n\n<li><strong>Vos choix en ligne<\/strong> (pour l&#039;Union europ\u00e9enne et d&#039;autres pays internationaux) : <a href=\"https:\/\/www.youronlinechoices.com\/\">Vos choix en ligne<\/a><\/li>\n<\/ul>\n\n\n\n<hr class=\"wp-block-separator has-alpha-channel-opacity\"\/>\n\n\n\n<h3 class=\"wp-block-heading\">4. <strong>Partage de donn\u00e9es avec des tiers<\/strong><\/h3>\n\n\n\n<p>Vos donn\u00e9es peuvent \u00eatre partag\u00e9es avec\u00a0:<\/p>\n\n\n\n<ul class=\"wp-block-list\">\n<li><strong>r\u00e9seaux publicitaires<\/strong> (comme Google AdSense, Meta) pour personnaliser les annonces.<\/li>\n\n\n\n<li><strong>Outils d&#039;analyse<\/strong> (tels que Google Analytics et Meta) pour mesurer les statistiques de navigation.<\/li>\n\n\n\n<li><strong>Partenaires affili\u00e9s<\/strong> Pour suivre les campagnes promotionnelles et les commissions, le cas \u00e9ch\u00e9ant.<\/li>\n<\/ul>\n\n\n\n<p>Ces tiers appliquent leurs propres politiques de confidentialit\u00e9, et nous ne partageons pas de donn\u00e9es personnelles sensibles sans votre consentement explicite.<\/p>\n\n\n\n<hr class=\"wp-block-separator has-alpha-channel-opacity\"\/>\n\n\n\n<h3 class=\"wp-block-heading\">5. <strong>Droits de l&#039;utilisateur<\/strong><\/h3>\n\n\n\n<p>Selon <strong>LGPD<\/strong> et <strong>RGPD<\/strong>Vous disposez des droits suivants concernant vos donn\u00e9es personnelles\u00a0:<\/p>\n\n\n\n<ul class=\"wp-block-list\">\n<li><strong>Acc\u00e9der<\/strong>Pour savoir quelles donn\u00e9es personnelles sont collect\u00e9es et trait\u00e9es.<\/li>\n\n\n\n<li><strong>Correction<\/strong>Corriger les donn\u00e9es incompl\u00e8tes ou obsol\u00e8tes.<\/li>\n\n\n\n<li><strong>Exclusion<\/strong>Demander la suppression des donn\u00e9es personnelles, le cas \u00e9ch\u00e9ant.<\/li>\n\n\n\n<li><strong>Portabilit\u00e9<\/strong>Demandez le transfert de vos donn\u00e9es vers d&#039;autres services.<\/li>\n\n\n\n<li><strong>R\u00e9vocation du consentement<\/strong>Retirer son consentement au traitement des donn\u00e9es personnelles.<\/li>\n\n\n\n<li><strong>Transparence<\/strong>Savoir comment vos donn\u00e9es sont utilis\u00e9es et avec qui elles sont partag\u00e9es.<\/li>\n<\/ul>\n\n\n\n<h4 class=\"wp-block-heading\">5.1 <strong>Comment exercer vos droits<\/strong>:<\/h4>\n\n\n\n<p>Pour exercer l&#039;un de ces droits, veuillez nous contacter par courriel. <strong><a>dmbportaisnovos@gmail.com<\/a><\/strong>Nous vous r\u00e9pondrons dans les d\u00e9lais l\u00e9gaux. <strong>LGPD<\/strong>.<\/p>\n\n\n\n<hr class=\"wp-block-separator has-alpha-channel-opacity\"\/>\n\n\n\n<h3 class=\"wp-block-heading\">6. <strong>S\u00e9curit\u00e9 et stockage des donn\u00e9es<\/strong><\/h3>\n\n\n\n<p>Nous avons adopt\u00e9 des mesures de s\u00e9curit\u00e9 techniques et administratives pour prot\u00e9ger vos donn\u00e9es personnelles contre\u00a0:<\/p>\n\n\n\n<ul class=\"wp-block-list\">\n<li>Acc\u00e8s non autoris\u00e9.<\/li>\n\n\n\n<li>Perte, vol ou utilisation abusive.<\/li>\n\n\n\n<li>Modification ou destruction inappropri\u00e9e.<\/li>\n<\/ul>\n\n\n\n<p>Les donn\u00e9es sont conserv\u00e9es pendant la dur\u00e9e n\u00e9cessaire \u00e0 la r\u00e9alisation des finalit\u00e9s d\u00e9crites dans la pr\u00e9sente politique ou conform\u00e9ment aux exigences l\u00e9gales.<\/p>\n\n\n\n<hr class=\"wp-block-separator has-alpha-channel-opacity\"\/>\n\n\n\n<h3 class=\"wp-block-heading\">7. <strong>Liens vers des sites externes<\/strong><\/h3>\n\n\n\n<p>Notre site web peut contenir des liens vers des sites web tiers. Nous ne sommes pas responsables des pratiques de confidentialit\u00e9 de ces sites. Nous vous recommandons de consulter les politiques de confidentialit\u00e9 de tout site web que vous visitez afin de comprendre comment vos donn\u00e9es sont trait\u00e9es.<\/p>\n\n\n\n<hr class=\"wp-block-separator has-alpha-channel-opacity\"\/>\n\n\n\n<h3 class=\"wp-block-heading\">8. <strong>Responsable du traitement des donn\u00e9es<\/strong><\/h3>\n\n\n\n<p>L\u2019entit\u00e9 responsable du traitement des donn\u00e9es personnelles collect\u00e9es via ce site web est\u00a0:<\/p>\n\n\n\n<ul class=\"wp-block-list\">\n<li><strong>Nom de l&#039;entreprise<\/strong>R1News<\/li>\n\n\n\n<li><strong>Site web<\/strong>: <a href=\"https:\/\/r1news.com.br\/fr\/\">https:\/\/r1news.com.br<\/a><\/li>\n\n\n\n<li><strong>Adresse e-mail<\/strong>: <strong><a>dmbportaisnovos@gmail.com<\/a><\/strong><\/li>\n<\/ul>\n\n\n\n<hr class=\"wp-block-separator has-alpha-channel-opacity\"\/>\n\n\n\n<h3 class=\"wp-block-heading\">9. <strong>Lieu de traitement des donn\u00e9es<\/strong><\/h3>\n\n\n\n<p>Les donn\u00e9es collect\u00e9es via ce site web sont stock\u00e9es et trait\u00e9es sur des serveurs situ\u00e9s au Br\u00e9sil. Nous prenons toutes les mesures n\u00e9cessaires pour assurer la protection des donn\u00e9es personnelles conform\u00e9ment \u00e0 la l\u00e9gislation br\u00e9silienne.<\/p>\n\n\n\n<hr class=\"wp-block-separator has-alpha-channel-opacity\"\/>\n\n\n\n<h3 class=\"wp-block-heading\">10. <strong>Modifications apport\u00e9es \u00e0 cette politique<\/strong><\/h3>\n\n\n\n<p>La pr\u00e9sente politique de confidentialit\u00e9 peut \u00eatre mise \u00e0 jour \u00e0 tout moment afin de tenir compte des \u00e9volutions juridiques, technologiques ou op\u00e9rationnelles. Nous vous recommandons de la consulter r\u00e9guli\u00e8rement pour prendre connaissance des \u00e9ventuelles modifications. La version la plus r\u00e9cente sera toujours disponible sur cette page, avec la date de la derni\u00e8re mise \u00e0 jour.<\/p>\n\n\n\n<hr class=\"wp-block-separator has-alpha-channel-opacity\"\/>\n\n\n\n<h3 class=\"wp-block-heading\">11. <strong>Contact<\/strong><\/h3>\n\n\n\n<p>Si vous avez des questions concernant cette politique ou la mani\u00e8re dont nous g\u00e9rons vos donn\u00e9es, veuillez nous contacter par courriel\u00a0: <strong><a>dmbportaisnovos@gmail.com<\/a><\/strong>.<\/p>\n\n\n\n<p>\u2714\ufe0f <strong>Cette politique est conforme \u00e0<\/strong>:<\/p>\n\n\n\n<ul class=\"wp-block-list\">\n<li><strong>Principes de la Network Advertising Initiative et de l&#039;IAB<\/strong>.<\/li>\n\n\n\n<li><strong>LGPD (Loi n\u00b0 13.709\/2018)<\/strong>.<\/li>\n\n\n\n<li><strong>R\u00e8gles d&#039;utilisation de Google AdSense<\/strong>: <a href=\"https:\/\/support.google.com\/publisherpolicies\/answer\/10502938?hl=pt-BR#privacy\">Politique de confidentialit\u00e9 obligatoire<\/a>.<\/li>\n<\/ul>\n\n\n\n<p><\/p>","protected":false},"excerpt":{"rendered":"<p>A sua privacidade \u00e9 uma prioridade para o R1News. Esta Pol\u00edtica de Privacidade descreve como o R1News coleta, utiliza, armazena, compartilha e protege seus dados pessoais, em conformidade com a Lei Geral de Prote\u00e7\u00e3o de Dados (Lei n\u00ba 13.709\/2018 \u2013 LGPD) e outras legisla\u00e7\u00f5es aplic\u00e1veis, incluindo as diretrizes do Google AdSense, GDPR e outras normas&hellip;&nbsp;<a href=\"https:\/\/r1news.com.br\/fr\/politicas-de-privacidade\/\" rel=\"bookmark\"><span class=\"screen-reader-text\">Pol\u00edtica De Privacidade\u00daltima atualiza\u00e7\u00e3o: [Data Atual]<\/span><\/a><\/p>\n","protected":false},"author":2,"featured_media":229,"parent":0,"menu_order":0,"comment_status":"closed","ping_status":"closed","template":"","meta":{"neve_meta_sidebar":"","neve_meta_container":"","neve_meta_enable_content_width":"","neve_meta_content_width":0,"neve_meta_title_alignment":"","neve_meta_author_avatar":"","neve_post_elements_order":"","neve_meta_disable_header":"","neve_meta_disable_footer":"","neve_meta_disable_title":"","footnotes":""},"class_list":["post-258","page","type-page","status-publish","has-post-thumbnail","hentry"],"_links":{"self":[{"href":"https:\/\/r1news.com.br\/fr\/wp-json\/wp\/v2\/pages\/258","targetHints":{"allow":["GET"]}}],"collection":[{"href":"https:\/\/r1news.com.br\/fr\/wp-json\/wp\/v2\/pages"}],"about":[{"href":"https:\/\/r1news.com.br\/fr\/wp-json\/wp\/v2\/types\/page"}],"author":[{"embeddable":true,"href":"https:\/\/r1news.com.br\/fr\/wp-json\/wp\/v2\/users\/2"}],"replies":[{"embeddable":true,"href":"https:\/\/r1news.com.br\/fr\/wp-json\/wp\/v2\/comments?post=258"}],"version-history":[{"count":3,"href":"https:\/\/r1news.com.br\/fr\/wp-json\/wp\/v2\/pages\/258\/revisions"}],"predecessor-version":[{"id":834,"href":"https:\/\/r1news.com.br\/fr\/wp-json\/wp\/v2\/pages\/258\/revisions\/834"}],"wp:featuredmedia":[{"embeddable":true,"href":"https:\/\/r1news.com.br\/fr\/wp-json\/wp\/v2\/media\/229"}],"wp:attachment":[{"href":"https:\/\/r1news.com.br\/fr\/wp-json\/wp\/v2\/media?parent=258"}],"curies":[{"name":"wp","href":"https:\/\/api.w.org\/{rel}","templated":true}]}}