{"id":254,"date":"2025-02-20T18:24:08","date_gmt":"2025-02-20T18:24:08","guid":{"rendered":"https:\/\/r1news.com.br\/?page_id=254"},"modified":"2025-03-11T12:38:57","modified_gmt":"2025-03-11T12:38:57","slug":"sobre-nos","status":"publish","type":"page","link":"https:\/\/r1news.com.br\/fr\/sobre-nos\/","title":{"rendered":"\u00c0 propos de nous"},"content":{"rendered":"<p>Bienvenue \u00e0 <strong>Actualit\u00e9s R1<\/strong> \u2013 Des informations pr\u00e9cieuses sur Internet !<\/p>\n\n\n\n<p>Nous croyons que la connaissance est la cl\u00e9 de la croissance personnelle et professionnelle. C&#039;est pourquoi nous avons cr\u00e9\u00e9 le <strong>Actualit\u00e9s R1<\/strong> dans le but de fournir un contenu de qualit\u00e9, vous aidant \u00e0 rester \u00e0 jour sur le march\u00e9 du travail, \u00e0 d\u00e9velopper de nouvelles comp\u00e9tences et \u00e0 trouver les meilleures opportunit\u00e9s professionnelles.<\/p>\n\n\n\n<hr class=\"wp-block-separator has-alpha-channel-opacity\"\/>\n\n\n\n<h3 class=\"wp-block-heading\"><strong>Qui sommes-nous<\/strong><\/h3>\n\n\n\n<p>LE <strong>Actualit\u00e9s R1<\/strong> est un portail d\u00e9di\u00e9 \u00e0 la diffusion de cours et de contenus destin\u00e9s \u00e0 l&#039;\u00e9ducation et au d\u00e9veloppement professionnel. Nous sommes une \u00e9quipe d&#039;experts en contenu, en \u00e9ducation et en technologie engag\u00e9s \u00e0 fournir les meilleures informations et conseils pour vous aider \u00e0 atteindre vos objectifs.<\/p>\n\n\n\n<p>Notre objectif est de cr\u00e9er un espace o\u00f9 l\u2019apprentissage et les informations pr\u00e9cieuses sont \u00e0 port\u00e9e de main. Que vous souhaitiez trouver un nouveau cours, am\u00e9liorer vos comp\u00e9tences ou rester au courant des derni\u00e8res tendances du march\u00e9, <strong>Actualit\u00e9s R1<\/strong> est l\u00e0 pour vous guider dans ce voyage.<\/p>\n\n\n\n<hr class=\"wp-block-separator has-alpha-channel-opacity\"\/>\n\n\n\n<h3 class=\"wp-block-heading\"><strong>Notre objectif<\/strong><\/h3>\n\n\n\n<p>Notre engagement est de rendre l\u2019information accessible et utile \u00e0 tous. Nous croyons que la connaissance est l\u2019un des piliers du succ\u00e8s et notre objectif est de vous aider \u00e0 trouver les meilleurs chemins pour votre croissance personnelle et professionnelle.<\/p>\n\n\n\n<hr class=\"wp-block-separator has-alpha-channel-opacity\"\/>\n\n\n\n<h3 class=\"wp-block-heading\"><strong>Nous voulons avoir de vos nouvelles<\/strong><\/h3>\n\n\n\n<p>Votre avis est tr\u00e8s important pour nous ! Nous appr\u00e9cions vos id\u00e9es et suggestions pour faire de <strong>Actualit\u00e9s R1<\/strong> de plus en plus utile et pertinent pour vous.<\/p>\n\n\n\n<p>\ud83d\udce9 <strong>Contactez-nous:<\/strong><br>\ud83d\udc49 Courriel : <a>dmbportaisnovos@gmail.com<\/a><br>\ud83d\udc49 Site Web : <a href=\"https:\/\/r1news.com.br\/fr\/\">https:\/\/r1news.com.br<\/a><\/p>\n\n\n\n<p>Suivez le <strong>Actualit\u00e9s R1<\/strong> et d\u00e9couvrez comment les bonnes connaissances peuvent transformer votre vie !<\/p>","protected":false},"excerpt":{"rendered":"<p>Bienvenue sur R1 News \u2013 Des informations pr\u00e9cieuses sur Internet ! Nous croyons que la connaissance est la cl\u00e9 de la croissance personnelle et professionnelle. C&#039;est pourquoi nous avons cr\u00e9\u00e9 R1 News dans le but de fournir un contenu de qualit\u00e9, vous aidant \u00e0 rester \u00e0 jour sur le march\u00e9 du travail, \u00e0 d\u00e9velopper de nouvelles comp\u00e9tences et \u00e0 trouver les meilleures\u2026&nbsp;<a href=\"https:\/\/r1news.com.br\/fr\/sobre-nos\/\" rel=\"bookmark\"><span class=\"screen-reader-text\">\u00c0 propos de nous<\/span><\/a><\/p>","protected":false},"author":2,"featured_media":229,"parent":0,"menu_order":0,"comment_status":"closed","ping_status":"closed","template":"","meta":{"neve_meta_sidebar":"","neve_meta_container":"","neve_meta_enable_content_width":"","neve_meta_content_width":0,"neve_meta_title_alignment":"","neve_meta_author_avatar":"","neve_post_elements_order":"","neve_meta_disable_header":"","neve_meta_disable_footer":"","neve_meta_disable_title":"","footnotes":""},"class_list":["post-254","page","type-page","status-publish","has-post-thumbnail","hentry"],"_links":{"self":[{"href":"https:\/\/r1news.com.br\/fr\/wp-json\/wp\/v2\/pages\/254","targetHints":{"allow":["GET"]}}],"collection":[{"href":"https:\/\/r1news.com.br\/fr\/wp-json\/wp\/v2\/pages"}],"about":[{"href":"https:\/\/r1news.com.br\/fr\/wp-json\/wp\/v2\/types\/page"}],"author":[{"embeddable":true,"href":"https:\/\/r1news.com.br\/fr\/wp-json\/wp\/v2\/users\/2"}],"replies":[{"embeddable":true,"href":"https:\/\/r1news.com.br\/fr\/wp-json\/wp\/v2\/comments?post=254"}],"version-history":[{"count":2,"href":"https:\/\/r1news.com.br\/fr\/wp-json\/wp\/v2\/pages\/254\/revisions"}],"predecessor-version":[{"id":367,"href":"https:\/\/r1news.com.br\/fr\/wp-json\/wp\/v2\/pages\/254\/revisions\/367"}],"wp:featuredmedia":[{"embeddable":true,"href":"https:\/\/r1news.com.br\/fr\/wp-json\/wp\/v2\/media\/229"}],"wp:attachment":[{"href":"https:\/\/r1news.com.br\/fr\/wp-json\/wp\/v2\/media?parent=254"}],"curies":[{"name":"wp","href":"https:\/\/api.w.org\/{rel}","templated":true}]}}