{"id":254,"date":"2025-02-20T18:24:08","date_gmt":"2025-02-20T18:24:08","guid":{"rendered":"https:\/\/r1news.com.br\/?page_id=254"},"modified":"2025-03-11T12:38:57","modified_gmt":"2025-03-11T12:38:57","slug":"sobre-nos","status":"publish","type":"page","link":"https:\/\/r1news.com.br\/en\/sobre-nos\/","title":{"rendered":"About us"},"content":{"rendered":"<p>Welcome to <strong>R1 News<\/strong> \u2013 Valuable information on the internet!<\/p>\n\n\n\n<p>We believe that knowledge is the key to personal and professional growth. That&#039;s why we created <strong>R1 News<\/strong> with the aim of providing quality content, helping you to stay up to date on the job market, develop new skills and find the best professionalization opportunities.<\/p>\n\n\n\n<hr class=\"wp-block-separator has-alpha-channel-opacity\"\/>\n\n\n\n<h3 class=\"wp-block-heading\"><strong>Who We Are<\/strong><\/h3>\n\n\n\n<p>THE <strong>R1 News<\/strong> is a portal dedicated to the dissemination of courses and content aimed at education and professional development. We are a team of experts in content, education and technology, committed to offering the best in information and guidance to help you achieve your goals.<\/p>\n\n\n\n<p>Our focus is to create a space where valuable learning and information are at your fingertips. Whether you want to find a new course, improve your skills, or stay up to date on the latest market trends, <strong>R1 News<\/strong> is here to guide you on this journey.<\/p>\n\n\n\n<hr class=\"wp-block-separator has-alpha-channel-opacity\"\/>\n\n\n\n<h3 class=\"wp-block-heading\"><strong>Our Purpose<\/strong><\/h3>\n\n\n\n<p>Our commitment is to make information accessible and useful to everyone. We believe that knowledge is one of the pillars of success, and our goal is to help you find the best paths for your personal and professional growth.<\/p>\n\n\n\n<hr class=\"wp-block-separator has-alpha-channel-opacity\"\/>\n\n\n\n<h3 class=\"wp-block-heading\"><strong>We Want to Hear From You<\/strong><\/h3>\n\n\n\n<p>Your opinion is very important to us! We value your ideas and suggestions to make the <strong>R1 News<\/strong> increasingly useful and relevant to you.<\/p>\n\n\n\n<p>\ud83d\udce9 <strong>Contact us:<\/strong><br>\ud83d\udc49 Email: <a>dmbportaisnovos@gmail.com<\/a><br>\ud83d\udc49 Website: <a href=\"https:\/\/r1news.com.br\/en\/\">https:\/\/r1news.com.br<\/a><\/p>\n\n\n\n<p>Follow the <strong>R1 News<\/strong> and discover how the right knowledge can transform your life!<\/p>","protected":false},"excerpt":{"rendered":"<p>Bem-vindo ao R1 News \u2013 Informa\u00e7\u00e3o de valor na internet! N\u00f3s acreditamos que o conhecimento \u00e9 a chave para o crescimento pessoal e profissional. Por isso, criamos o R1 News com o objetivo de fornecer conte\u00fados de qualidade, ajudando voc\u00ea a se atualizar sobre o mercado de trabalho, desenvolver novas habilidades e encontrar as melhores&hellip;&nbsp;<a href=\"https:\/\/r1news.com.br\/en\/sobre-nos\/\" rel=\"bookmark\"><span class=\"screen-reader-text\">About us<\/span><\/a><\/p>","protected":false},"author":2,"featured_media":229,"parent":0,"menu_order":0,"comment_status":"closed","ping_status":"closed","template":"","meta":{"neve_meta_sidebar":"","neve_meta_container":"","neve_meta_enable_content_width":"","neve_meta_content_width":0,"neve_meta_title_alignment":"","neve_meta_author_avatar":"","neve_post_elements_order":"","neve_meta_disable_header":"","neve_meta_disable_footer":"","neve_meta_disable_title":"","footnotes":""},"class_list":["post-254","page","type-page","status-publish","has-post-thumbnail","hentry"],"_links":{"self":[{"href":"https:\/\/r1news.com.br\/en\/wp-json\/wp\/v2\/pages\/254","targetHints":{"allow":["GET"]}}],"collection":[{"href":"https:\/\/r1news.com.br\/en\/wp-json\/wp\/v2\/pages"}],"about":[{"href":"https:\/\/r1news.com.br\/en\/wp-json\/wp\/v2\/types\/page"}],"author":[{"embeddable":true,"href":"https:\/\/r1news.com.br\/en\/wp-json\/wp\/v2\/users\/2"}],"replies":[{"embeddable":true,"href":"https:\/\/r1news.com.br\/en\/wp-json\/wp\/v2\/comments?post=254"}],"version-history":[{"count":2,"href":"https:\/\/r1news.com.br\/en\/wp-json\/wp\/v2\/pages\/254\/revisions"}],"predecessor-version":[{"id":367,"href":"https:\/\/r1news.com.br\/en\/wp-json\/wp\/v2\/pages\/254\/revisions\/367"}],"wp:featuredmedia":[{"embeddable":true,"href":"https:\/\/r1news.com.br\/en\/wp-json\/wp\/v2\/media\/229"}],"wp:attachment":[{"href":"https:\/\/r1news.com.br\/en\/wp-json\/wp\/v2\/media?parent=254"}],"curies":[{"name":"wp","href":"https:\/\/api.w.org\/{rel}","templated":true}]}}