{"id":258,"date":"2025-02-20T18:35:13","date_gmt":"2025-02-20T18:35:13","guid":{"rendered":"https:\/\/r1news.com.br\/?page_id=258"},"modified":"2026-03-14T18:57:02","modified_gmt":"2026-03-14T18:57:02","slug":"politicas-de-privacidade","status":"publish","type":"page","link":"https:\/\/r1news.com.br\/de\/politicas-de-privacidade\/","title":{"rendered":"Pol\u00edtica De Privacidade\u00daltima atualiza\u00e7\u00e3o: [Data Atual]"},"content":{"rendered":"<p>Der Schutz Ihrer Daten ist uns wichtig. <strong>R1Neuigkeiten<\/strong>Diese Datenschutzrichtlinie beschreibt, wie... <strong>R1Neuigkeiten<\/strong> erhebt, nutzt, speichert, teilt und sch\u00fctzt Ihre personenbezogenen Daten gem\u00e4\u00df den Datenschutzbestimmungen <strong>Allgemeines Datenschutzgesetz<\/strong> (Gesetz Nr. 13.709\/2018 \u2013 LGPD) und andere anwendbare Rechtsvorschriften, einschlie\u00dflich der Richtlinien von <strong>Google AdSense<\/strong>, <strong>DSGVO<\/strong> und anderen internationalen Datenschutzstandards.<\/p>\n\n\n\n<h3 class=\"wp-block-heading\">1. <strong>Informationen, die wir sammeln<\/strong><\/h3>\n\n\n\n<p>Wir erfassen sowohl personenbezogene als auch nicht-personenbezogene Daten, um unseren Nutzern ein individuelleres und relevanteres Erlebnis zu bieten. Die Erfassung von Informationen kann auf verschiedene Weise erfolgen:<\/p>\n\n\n\n<h4 class=\"wp-block-heading\">1.1 <strong>Informationen, die Sie direkt bereitgestellt haben.<\/strong>:<\/h4>\n\n\n\n<ul class=\"wp-block-list\">\n<li>Dazu geh\u00f6ren Name, E-Mail-Adresse, Telefonnummer und andere Daten, die beim Ausf\u00fcllen von Formularen oder bei der Interaktion mit Inhalten auf unserer Website angegeben werden.<\/li>\n<\/ul>\n\n\n\n<h4 class=\"wp-block-heading\">1.2 <strong>Automatisch erfasste Daten<\/strong>:<\/h4>\n\n\n\n<ul class=\"wp-block-list\">\n<li>Wir verwenden Cookies, Zugriffsprotokolle, Web Beacons und andere Technologien, um zu verstehen, wie Besucher mit unserer Website interagieren und um die Benutzererfahrung zu verbessern.<\/li>\n<\/ul>\n\n\n\n<h4 class=\"wp-block-heading\">1.3 <strong>Informationen von Drittanbietern<\/strong>:<\/h4>\n\n\n\n<ul class=\"wp-block-list\">\n<li>Wir sammeln Daten von Werbeplattformen und Traffic-Analysediensten (Google Analytics, Meta usw.) mit Ihrer Einwilligung, um Anzeigen zu personalisieren und die Website-Performance zu messen.<\/li>\n<\/ul>\n\n\n\n<h4 class=\"wp-block-heading\">1.4 <strong>Standortdaten<\/strong>:<\/h4>\n\n\n\n<ul class=\"wp-block-list\">\n<li>Je nach Ihren Ger\u00e4teeinstellungen erfassen wir m\u00f6glicherweise Standortinformationen, um unsere Dienste zu verbessern.<\/li>\n<\/ul>\n\n\n\n<hr class=\"wp-block-separator has-alpha-channel-opacity\"\/>\n\n\n\n<h3 class=\"wp-block-heading\">2. <strong>Verwendung von Cookies und \u00e4hnlichen Technologien<\/strong><\/h3>\n\n\n\n<h4 class=\"wp-block-heading\">2.1 <strong>Was sind Cookies?<\/strong><\/h4>\n\n\n\n<ul class=\"wp-block-list\">\n<li>Cookies sind kleine Textdateien, die auf Ihrem Ger\u00e4t gespeichert werden, wenn Sie unsere Website besuchen. Sie tragen zur Verbesserung der Funktionalit\u00e4t, Sicherheit und des Benutzererlebnisses bei, indem sie es der Website erm\u00f6glichen, Ihre Pr\u00e4ferenzen und vorherigen Aktivit\u00e4ten zu speichern.<\/li>\n<\/ul>\n\n\n\n<h4 class=\"wp-block-heading\">2.2 <strong>Zweck der Cookies<\/strong>:<\/h4>\n\n\n\n<p>Wir verwenden Cookies f\u00fcr verschiedene Zwecke, unter anderem:<\/p>\n\n\n\n<ul class=\"wp-block-list\">\n<li><strong>Analysen<\/strong>Cookies wie Google Analytics helfen uns zu verstehen, wie Besucher mit der Website interagieren.<\/li>\n\n\n\n<li><strong>Werbung<\/strong>Cookies von Drittanbietern, wie beispielsweise von Google AdSense, helfen dabei, personalisierte Anzeigen basierend auf Ihrem Surfverhalten und Ihren Interessen anzuzeigen.<\/li>\n\n\n\n<li><strong>Funktionalit\u00e4t<\/strong>Funktionale Cookies helfen uns, Ihre Pr\u00e4ferenzen, wie z. B. Sprache oder Region, zu speichern.<\/li>\n<\/ul>\n\n\n\n<h4 class=\"wp-block-heading\">2.3 <strong>Cookie-Einwilligung<\/strong>:<\/h4>\n\n\n\n<p>Beim Besuch unserer Website wird Ihnen ein Cookie-Banner angezeigt, in dem Sie um Ihre Zustimmung zur Verwendung nicht unbedingt notwendiger Cookies gebeten werden. Sie k\u00f6nnen:<\/p>\n\n\n\n<ul class=\"wp-block-list\">\n<li>Nicht notwendige Cookies akzeptieren oder ablehnen.<\/li>\n\n\n\n<li>Verwalten Sie Ihre Cookie-Einstellungen direkt in Ihrem Browser oder \u00fcber das Cookie-Banner.<\/li>\n<\/ul>\n\n\n\n<h4 class=\"wp-block-heading\">2.4 <strong>So verwalten Sie Ihre Cookie-Einstellungen<\/strong>:<\/h4>\n\n\n\n<p>Sie k\u00f6nnen Cookies jederzeit in Ihren Browsereinstellungen deaktivieren oder verwalten. Dar\u00fcber hinaus k\u00f6nnen Sie Werbe-Cookies von Drittanbietern \u00fcber die folgenden Plattformen steuern:<\/p>\n\n\n\n<ul class=\"wp-block-list\">\n<li><strong>Google-Anzeigeneinstellungen<\/strong>: <a href=\"https:\/\/myadcenter.google.com\/personalizationoff\">Google-Anzeigeneinstellungen<\/a><\/li>\n\n\n\n<li><strong>Ihre Anzeigenoptionen<\/strong>: <a href=\"https:\/\/www.youradchoices.com\/\">Ihre Anzeigenoptionen<\/a><\/li>\n\n\n\n<li><strong>Partnerseiten \u2013 Google<\/strong>: <a href=\"https:\/\/policies.google.com\/technologies\/partner-sites\">Cookie-Richtlinie f\u00fcr Partnerseiten<\/a><\/li>\n<\/ul>\n\n\n\n<hr class=\"wp-block-separator has-alpha-channel-opacity\"\/>\n\n\n\n<h3 class=\"wp-block-heading\">3. <strong>Personalisierte Werbung und Cookies von Drittanbietern<\/strong><\/h3>\n\n\n\n<p>DER <strong>R1Neuigkeiten<\/strong> Es nutzt Werbedienstleistungen von Drittanbietern, wie zum Beispiel:<\/p>\n\n\n\n<ul class=\"wp-block-list\">\n<li><strong>Google AdSense<\/strong><\/li>\n\n\n\n<li><strong>Google Ad Manager<\/strong><\/li>\n\n\n\n<li><strong>Meta-Anzeigen<\/strong> (Facebook\/Instagram)<\/li>\n<\/ul>\n\n\n\n<p>Diese Plattformen verwenden Cookies, um:<\/p>\n\n\n\n<ul class=\"wp-block-list\">\n<li>Zeigen Sie personalisierte Werbung basierend auf Ihrem Browserverlauf an.<\/li>\n\n\n\n<li>die Leistung von Werbekampagnen messen.<\/li>\n\n\n\n<li>Steuern Sie, wie h\u00e4ufig Anzeigen eingeblendet werden.<\/li>\n<\/ul>\n\n\n\n<h4 class=\"wp-block-heading\">3.1 <strong>Opt-out-Mechanismus (Deaktivierung personalisierter Werbung)<\/strong>:<\/h4>\n\n\n\n<p>Sie k\u00f6nnen personalisierte Werbung jederzeit \u00fcber die folgenden Links deaktivieren:<\/p>\n\n\n\n<ul class=\"wp-block-list\">\n<li><strong>Google-Anzeigeneinstellungen<\/strong>: <a href=\"https:\/\/myadcenter.google.com\/personalizationoff\">Google-Anzeigeneinstellungen<\/a><\/li>\n\n\n\n<li><strong>Ihre Online-Optionen<\/strong> (f\u00fcr die Europ\u00e4ische Union und andere internationale L\u00e4nder): <a href=\"https:\/\/www.youronlinechoices.com\/\">Ihre Online-Optionen<\/a><\/li>\n<\/ul>\n\n\n\n<hr class=\"wp-block-separator has-alpha-channel-opacity\"\/>\n\n\n\n<h3 class=\"wp-block-heading\">4. <strong>Datenweitergabe an Dritte<\/strong><\/h3>\n\n\n\n<p>Ihre Daten k\u00f6nnen weitergegeben werden an:<\/p>\n\n\n\n<ul class=\"wp-block-list\">\n<li><strong>Werbenetzwerke<\/strong> (wie Google AdSense, Meta), um Anzeigen anzupassen.<\/li>\n\n\n\n<li><strong>Analysetools<\/strong> (wie Google Analytics und Meta), um Browsing-Metriken zu messen.<\/li>\n\n\n\n<li><strong>Affiliate-Partner<\/strong> Zur Nachverfolgung von Werbekampagnen und gegebenenfalls Provisionen.<\/li>\n<\/ul>\n\n\n\n<p>Diese Drittanbieter befolgen ihre eigenen Datenschutzrichtlinien, und wir geben keine sensiblen personenbezogenen Daten ohne Ihre ausdr\u00fcckliche Zustimmung weiter.<\/p>\n\n\n\n<hr class=\"wp-block-separator has-alpha-channel-opacity\"\/>\n\n\n\n<h3 class=\"wp-block-heading\">5. <strong>Nutzerrechte<\/strong><\/h3>\n\n\n\n<p>Entsprechend <strong>LGPD<\/strong> Und <strong>DSGVO<\/strong>Sie haben folgende Rechte hinsichtlich Ihrer personenbezogenen Daten:<\/p>\n\n\n\n<ul class=\"wp-block-list\">\n<li><strong>Zugang<\/strong>Um zu erfahren, welche personenbezogenen Daten erhoben und verarbeitet werden.<\/li>\n\n\n\n<li><strong>Korrektur<\/strong>Korrigieren Sie unvollst\u00e4ndige oder veraltete Daten.<\/li>\n\n\n\n<li><strong>Ausschluss<\/strong>Beantragen Sie gegebenenfalls die L\u00f6schung Ihrer personenbezogenen Daten.<\/li>\n\n\n\n<li><strong>Portabilit\u00e4t<\/strong>Fordern Sie die \u00dcbertragung Ihrer Daten an andere Dienste an.<\/li>\n\n\n\n<li><strong>Widerruf der Einwilligung<\/strong>Widerruf der Einwilligung zur Verarbeitung personenbezogener Daten.<\/li>\n\n\n\n<li><strong>Transparenz<\/strong>Zu wissen, wie Ihre Daten verwendet werden und mit wem sie geteilt werden.<\/li>\n<\/ul>\n\n\n\n<h4 class=\"wp-block-heading\">5.1 <strong>Wie Sie Ihre Rechte aus\u00fcben k\u00f6nnen<\/strong>:<\/h4>\n\n\n\n<p>Um eines dieser Rechte auszu\u00fcben, kontaktieren Sie uns bitte per E-Mail. <strong><a>dmbportaisnovos@gmail.com<\/a><\/strong>Wir werden innerhalb der gesetzlich vorgeschriebenen Fristen antworten. <strong>LGPD<\/strong>.<\/p>\n\n\n\n<hr class=\"wp-block-separator has-alpha-channel-opacity\"\/>\n\n\n\n<h3 class=\"wp-block-heading\">6. <strong>Datensicherheit und -speicherung<\/strong><\/h3>\n\n\n\n<p>Wir haben technische und administrative Sicherheitsma\u00dfnahmen ergriffen, um Ihre personenbezogenen Daten vor Folgendem zu sch\u00fctzen:<\/p>\n\n\n\n<ul class=\"wp-block-list\">\n<li>Unbefugter Zugriff.<\/li>\n\n\n\n<li>Verlust, Diebstahl oder Missbrauch.<\/li>\n\n\n\n<li>Unsachgem\u00e4\u00dfe Ver\u00e4nderung oder Zerst\u00f6rung.<\/li>\n<\/ul>\n\n\n\n<p>Die Daten werden so lange gespeichert, wie es zur Erf\u00fcllung der in dieser Richtlinie beschriebenen Zwecke oder aufgrund gesetzlicher Bestimmungen erforderlich ist.<\/p>\n\n\n\n<hr class=\"wp-block-separator has-alpha-channel-opacity\"\/>\n\n\n\n<h3 class=\"wp-block-heading\">7. <strong>Links zu externen Websites<\/strong><\/h3>\n\n\n\n<p>Unsere Website kann Links zu Websites Dritter enthalten. Wir sind nicht f\u00fcr die Datenschutzpraktiken dieser Websites verantwortlich. Wir empfehlen Ihnen, die Datenschutzrichtlinien jeder Website, die Sie besuchen, zu lesen, um zu verstehen, wie Ihre Daten verarbeitet werden.<\/p>\n\n\n\n<hr class=\"wp-block-separator has-alpha-channel-opacity\"\/>\n\n\n\n<h3 class=\"wp-block-heading\">8. <strong>Datenverantwortlicher<\/strong><\/h3>\n\n\n\n<p>Die f\u00fcr die Verarbeitung der \u00fcber diese Website erhobenen personenbezogenen Daten verantwortliche Stelle ist:<\/p>\n\n\n\n<ul class=\"wp-block-list\">\n<li><strong>Name der Firma<\/strong>R1News<\/li>\n\n\n\n<li><strong>Webseite<\/strong>: <a href=\"https:\/\/r1news.com.br\/de\/\">https:\/\/r1news.com.br<\/a><\/li>\n\n\n\n<li><strong>Kontakt-E-Mail<\/strong>: <strong><a>dmbportaisnovos@gmail.com<\/a><\/strong><\/li>\n<\/ul>\n\n\n\n<hr class=\"wp-block-separator has-alpha-channel-opacity\"\/>\n\n\n\n<h3 class=\"wp-block-heading\">9. <strong>Standort der Datenverarbeitung<\/strong><\/h3>\n\n\n\n<p>Die \u00fcber diese Website erhobenen Daten werden auf Servern in Brasilien gespeichert und verarbeitet. Wir treffen alle notwendigen Ma\u00dfnahmen, um den Schutz personenbezogener Daten gem\u00e4\u00df brasilianischem Recht zu gew\u00e4hrleisten.<\/p>\n\n\n\n<hr class=\"wp-block-separator has-alpha-channel-opacity\"\/>\n\n\n\n<h3 class=\"wp-block-heading\">10. <strong>\u00c4nderungen dieser Richtlinie<\/strong><\/h3>\n\n\n\n<p>Diese Datenschutzrichtlinie kann jederzeit aktualisiert werden, um rechtlichen, technologischen oder betrieblichen \u00c4nderungen Rechnung zu tragen. Wir empfehlen Ihnen, diese Richtlinie regelm\u00e4\u00dfig zu \u00fcberpr\u00fcfen, um \u00fcber etwaige \u00c4nderungen informiert zu sein. Die jeweils aktuellste Version mit Angabe des Datums der letzten Aktualisierung finden Sie stets auf dieser Seite.<\/p>\n\n\n\n<hr class=\"wp-block-separator has-alpha-channel-opacity\"\/>\n\n\n\n<h3 class=\"wp-block-heading\">11. <strong>Kontakt<\/strong><\/h3>\n\n\n\n<p>Wenn Sie Fragen zu dieser Richtlinie oder zur Verarbeitung Ihrer Daten haben, kontaktieren Sie uns bitte per E-Mail: <strong><a>dmbportaisnovos@gmail.com<\/a><\/strong>.<\/p>\n\n\n\n<p>\u2714\ufe0f <strong>Diese Richtlinie entspricht den<\/strong>:<\/p>\n\n\n\n<ul class=\"wp-block-list\">\n<li><strong>Grunds\u00e4tze der Network Advertising Initiative und des IAB<\/strong>.<\/li>\n\n\n\n<li><strong>LGPD (Gesetz Nr. 13.709\/2018)<\/strong>.<\/li>\n\n\n\n<li><strong>Google AdSense-Richtlinien<\/strong>: <a href=\"https:\/\/support.google.com\/publisherpolicies\/answer\/10502938?hl=pt-BR#privacy\">Obligatorische Datenschutzrichtlinie<\/a>.<\/li>\n<\/ul>\n\n\n\n<p><\/p>","protected":false},"excerpt":{"rendered":"<p>A sua privacidade \u00e9 uma prioridade para o R1News. Esta Pol\u00edtica de Privacidade descreve como o R1News coleta, utiliza, armazena, compartilha e protege seus dados pessoais, em conformidade com a Lei Geral de Prote\u00e7\u00e3o de Dados (Lei n\u00ba 13.709\/2018 \u2013 LGPD) e outras legisla\u00e7\u00f5es aplic\u00e1veis, incluindo as diretrizes do Google AdSense, GDPR e outras normas&hellip;&nbsp;<a href=\"https:\/\/r1news.com.br\/de\/politicas-de-privacidade\/\" rel=\"bookmark\"><span class=\"screen-reader-text\">Pol\u00edtica De Privacidade\u00daltima atualiza\u00e7\u00e3o: [Data Atual]<\/span><\/a><\/p>\n","protected":false},"author":2,"featured_media":229,"parent":0,"menu_order":0,"comment_status":"closed","ping_status":"closed","template":"","meta":{"neve_meta_sidebar":"","neve_meta_container":"","neve_meta_enable_content_width":"","neve_meta_content_width":0,"neve_meta_title_alignment":"","neve_meta_author_avatar":"","neve_post_elements_order":"","neve_meta_disable_header":"","neve_meta_disable_footer":"","neve_meta_disable_title":"","footnotes":""},"class_list":["post-258","page","type-page","status-publish","has-post-thumbnail","hentry"],"_links":{"self":[{"href":"https:\/\/r1news.com.br\/de\/wp-json\/wp\/v2\/pages\/258","targetHints":{"allow":["GET"]}}],"collection":[{"href":"https:\/\/r1news.com.br\/de\/wp-json\/wp\/v2\/pages"}],"about":[{"href":"https:\/\/r1news.com.br\/de\/wp-json\/wp\/v2\/types\/page"}],"author":[{"embeddable":true,"href":"https:\/\/r1news.com.br\/de\/wp-json\/wp\/v2\/users\/2"}],"replies":[{"embeddable":true,"href":"https:\/\/r1news.com.br\/de\/wp-json\/wp\/v2\/comments?post=258"}],"version-history":[{"count":3,"href":"https:\/\/r1news.com.br\/de\/wp-json\/wp\/v2\/pages\/258\/revisions"}],"predecessor-version":[{"id":834,"href":"https:\/\/r1news.com.br\/de\/wp-json\/wp\/v2\/pages\/258\/revisions\/834"}],"wp:featuredmedia":[{"embeddable":true,"href":"https:\/\/r1news.com.br\/de\/wp-json\/wp\/v2\/media\/229"}],"wp:attachment":[{"href":"https:\/\/r1news.com.br\/de\/wp-json\/wp\/v2\/media?parent=258"}],"curies":[{"name":"wp","href":"https:\/\/api.w.org\/{rel}","templated":true}]}}