{"id":256,"date":"2025-02-20T18:30:48","date_gmt":"2025-02-20T18:30:48","guid":{"rendered":"https:\/\/r1news.com.br\/?page_id=256"},"modified":"2026-03-18T20:57:19","modified_gmt":"2026-03-18T20:57:19","slug":"termos-de-uso","status":"publish","type":"page","link":"https:\/\/r1news.com.br\/de\/termos-de-uso\/","title":{"rendered":"Nutzungsbedingungen"},"content":{"rendered":"<p>Willkommen bei <strong>R1 Neuigkeiten<\/strong> \u2013 Wertvolle Informationen im Internet!<\/p>\n\n\n\n<p>Diese Nutzungsbedingungen regeln den Zugang zum Portal und dessen Nutzung. <strong>R1 Neuigkeiten<\/strong> (<a href=\"https:\/\/r1news.com.br\/de\/\">https:\/\/r1news.com.br<\/a>), ein Portal, das sich der Verbreitung von Inhalten zu Kursen und Professionalisierung widmet, mit dem Ziel, unseren Benutzern relevante und wertvolle Informationen bereitzustellen.<\/p>\n\n\n\n<p>Durch den Zugriff oder die Nutzung der <strong>R1 Neuigkeiten<\/strong>stimmen Sie den unten beschriebenen Allgemeinen Gesch\u00e4ftsbedingungen vollumf\u00e4nglich zu. Wenn Sie mit einer Bestimmung dieser Bedingungen nicht einverstanden sind, empfehlen wir Ihnen, unsere Dienste nicht zu nutzen.<\/p>\n\n\n\n<hr class=\"wp-block-separator has-alpha-channel-opacity\"\/>\n\n\n\n<h2 class=\"wp-block-heading\"><strong>Abschnitt I \u2013 Zulassung zu R1 News<\/strong><\/h2>\n\n\n\n<p>1.1. Bei Verwendung des <strong>R1 Neuigkeiten<\/strong>erkl\u00e4ren Sie, dass Sie diese Nutzungsbedingungen und unsere <strong>Datenschutzrichtlinie<\/strong>.<\/p>\n\n\n\n<p>1.2. Sie erkl\u00e4ren, mindestens <strong>18 Jahre alt<\/strong> und die volle Rechtsf\u00e4higkeit, diese Nutzungsbedingungen zu akzeptieren. Wenn Sie unter 18 Jahre alt sind, ben\u00f6tigen Sie zur Nutzung des Portals die Einwilligung Ihrer Erziehungsberechtigten.<\/p>\n\n\n\n<p>1.3. Wenn Sie die oben genannten Anforderungen nicht erf\u00fcllen oder mit den festgelegten Bedingungen nicht einverstanden sind, d\u00fcrfen Sie das Portal nicht aufrufen und nicht nutzen. <strong>R1 Neuigkeiten<\/strong> und seine Dienstleistungen.<\/p>\n\n\n\n<hr class=\"wp-block-separator has-alpha-channel-opacity\"\/>\n\n\n\n<h2 class=\"wp-block-heading\"><strong>Abschnitt II \u2013 Kontakt<\/strong><\/h2>\n\n\n\n<p>2.1. Benutzer k\u00f6nnen Kontakt aufnehmen mit <strong>R1 Neuigkeiten<\/strong> um Zweifel auszur\u00e4umen, Vorschl\u00e4ge zu unterbreiten oder Probleme im Zusammenhang mit den bereitgestellten Diensten zu l\u00f6sen.<\/p>\n\n\n\n<p>2.2. Um Kontakt aufzunehmen, verwenden Sie die E-Mail:<br>\ud83d\udce9 <strong><a>dmbportaisnovos@gmail.com<\/a><\/strong><\/p>\n\n\n\n<hr class=\"wp-block-separator has-alpha-channel-opacity\"\/>\n\n\n\n<h2 class=\"wp-block-heading\"><strong>Abschnitt III \u2013 Verantwortlichkeiten der Parteien<\/strong><\/h2>\n\n\n\n<h3 class=\"wp-block-heading\"><strong>3.1. Akzeptanz der Bedingungen und Datenschutzbestimmungen<\/strong><\/h3>\n\n\n\n<p>Beim Zugriff und der Nutzung des Portals <strong>R1 Neuigkeiten<\/strong>best\u00e4tigt der Benutzer, dass er die in diesen Nutzungsbedingungen und der Datenschutzrichtlinie festgelegten Bedingungen gelesen, verstanden und akzeptiert hat.<\/p>\n\n\n\n<h3 class=\"wp-block-heading\"><strong>3.2. Weiterleitung auf Websites Dritter<\/strong><\/h3>\n\n\n\n<p>DER <strong>R1 Neuigkeiten<\/strong> kann Links zu externen Websites enthalten, die Dienste oder Produkte anbieten. Wir haben jedoch keine Kontrolle \u00fcber diese Websites und ihre Richtlinien oder Praktiken und sind nicht f\u00fcr Sch\u00e4den oder Verluste verantwortlich, die sich aus Ihrer Nutzung dieser Websites ergeben.<\/p>\n\n\n\n<h3 class=\"wp-block-heading\"><strong>3.3. Nutzungsbedingungen der Partner-Site<\/strong><\/h3>\n\n\n\n<p>Beim Zugriff auf Websites von Partnerunternehmen muss der Nutzer den jeweiligen Nutzungsbedingungen und Datenschutzrichtlinien dieser Websites zustimmen.<\/p>\n\n\n\n<h3 class=\"wp-block-heading\"><strong>3.4. Haftungsausschluss von Drittanbietern<\/strong><\/h3>\n\n\n\n<p>DER <strong>R1 Neuigkeiten<\/strong> ist nicht verantwortlich f\u00fcr Informationen, Dienste oder Produkte, die von Dritten bereitgestellt werden. Die Verantwortung f\u00fcr derartige Angebote liegt ausschlie\u00dflich bei den jeweiligen Anbietern.<\/p>\n\n\n\n<h3 class=\"wp-block-heading\"><strong>3.5. Digitale Sicherheit<\/strong><\/h3>\n\n\n\n<p>DER <strong>R1 Neuigkeiten<\/strong> setzt Sicherheitsma\u00dfnahmen ein, um die Informationen seiner Benutzer zu sch\u00fctzen. Wir sind jedoch nicht f\u00fcr Sch\u00e4den verantwortlich, die durch Viren, Malware oder andere virtuelle Angriffe verursacht werden, die w\u00e4hrend der Navigation auftreten k\u00f6nnen.<\/p>\n\n\n\n<h3 class=\"wp-block-heading\"><strong>3.6. Haftungsausschluss<\/strong><\/h3>\n\n\n\n<p>Wir haften nicht f\u00fcr Verluste, die durch unsachgem\u00e4\u00dfe Nutzung der Website, technische St\u00f6rungen, Dienstunterbrechungen oder Ereignisse h\u00f6herer Gewalt entstehen.<\/p>\n\n\n\n<h3 class=\"wp-block-heading\"><strong>3.7. Finanzielle Verfahren<\/strong><\/h3>\n\n\n\n<p>DER <strong>R1 Neuigkeiten<\/strong> <strong>wird niemals um Einzahlungen oder Bank\u00fcberweisungen bitten<\/strong> zur Ver\u00f6ffentlichung von Produkten oder Dienstleistungen. Wenn Sie eine solche Anfrage erhalten, kontaktieren Sie uns bitte umgehend.<\/p>\n\n\n\n<h3 class=\"wp-block-heading\"><strong>3.8. Sicherheitskommunikation<\/strong><\/h3>\n\n\n\n<p>Wir werden niemals E-Mails versenden, in denen wir Sie um pers\u00f6nliche Angaben, Bankdaten oder Dokumentendaten bitten. Wenn Sie verd\u00e4chtige Nachrichten erhalten, kontaktieren Sie uns bitte per E-Mail.<\/p>\n\n\n\n<hr class=\"wp-block-separator has-alpha-channel-opacity\"\/>\n\n\n\n<h2 class=\"wp-block-heading\"><strong>Abschnitt IV \u2013 Nutzungsbedingungen und Einschr\u00e4nkungen<\/strong><\/h2>\n\n\n\n<p>Der Nutzer verpflichtet sich, das Portal ethisch und im Einklang mit den geltenden Gesetzen zu nutzen. Es ist strengstens verboten:<\/p>\n\n\n\n<ul class=\"wp-block-list\">\n<li>Das Portal f\u00fcr illegale oder unethische Aktivit\u00e4ten nutzen;<\/li>\n\n\n\n<li>Die geistigen Eigentumsrechte Dritter verletzen;<\/li>\n\n\n\n<li>Andere Benutzer diffamieren, diskriminieren oder bel\u00e4stigen;<\/li>\n\n\n\n<li>Verbreitung falscher oder irref\u00fchrender Informationen;<\/li>\n\n\n\n<li>Viren oder Schadcodes installieren oder verbreiten;<\/li>\n\n\n\n<li>Sammeln oder verfolgen Sie personenbezogene Daten Dritter ohne deren Zustimmung;<\/li>\n\n\n\n<li>Spam, Phishing oder \u00e4hnliche Praktiken zu betreiben;<\/li>\n\n\n\n<li>Die Funktion des Portals st\u00f6ren oder versuchen, Sicherheitsma\u00dfnahmen zu umgehen.<\/li>\n<\/ul>\n\n\n\n<p>DER <strong>R1 Neuigkeiten<\/strong> beh\u00e4lt sich das Recht vor, den Zugang f\u00fcr Benutzer auszusetzen oder zu beenden, die diese Beschr\u00e4nkungen nicht einhalten.<\/p>\n\n\n\n<hr class=\"wp-block-separator has-alpha-channel-opacity\"\/>\n\n\n\n<h2 class=\"wp-block-heading\"><strong>Abschnitt V \u2013 Haftungsbeschr\u00e4nkungen und Garantien<\/strong><\/h2>\n\n\n\n<p>5.1. Zugang zum <strong>R1 Neuigkeiten<\/strong> kann aus technischen Gr\u00fcnden, Wartungsarbeiten oder Aktualisierungen vor\u00fcbergehend unterbrochen oder ausgesetzt werden.<\/p>\n\n\n\n<p>5.2. DER <strong>R1 Neuigkeiten<\/strong> \u00fcbernimmt keine Gew\u00e4hr daf\u00fcr, dass die angebotenen Inhalte, Dienste oder Informationen jederzeit verf\u00fcgbar oder fehlerfrei sind.<\/p>\n\n\n\n<p>5.3. Der Nutzer erkl\u00e4rt sich damit einverstanden, dass die Nutzung des Portals ausschlie\u00dflich in seiner Verantwortung liegt. DER <strong>R1 Neuigkeiten<\/strong> wird \u201ewie besehen\u201c ohne jegliche ausdr\u00fcckliche oder stillschweigende Garantie bereitgestellt.<\/p>\n\n\n\n<p>5.4. Unter keinen Umst\u00e4nden wird die <strong>R1 Neuigkeiten<\/strong> haftet f\u00fcr indirekte, zuf\u00e4llige oder Folgesch\u00e4den im Zusammenhang mit der Nutzung der vom Portal angebotenen Dienste.<\/p>\n\n\n\n<hr class=\"wp-block-separator has-alpha-channel-opacity\"\/>\n\n\n\n<h2 class=\"wp-block-heading\"><strong>Abschnitt VI \u2013 G\u00fcltigkeit und gesetzliche Dauer<\/strong><\/h2>\n\n\n\n<p>6.1. Diese Nutzungsbedingungen bleiben auf unbestimmte Zeit in Kraft.<\/p>\n\n\n\n<p>6.2. Jegliche Anspr\u00fcche oder rechtliche Schritte im Zusammenhang mit der Nutzung des Portals m\u00fcssen innerhalb einer maximalen Frist von <strong>90 Tage<\/strong> nach dem anspruchsbegr\u00fcndenden Ereignis.<\/p>\n\n\n\n<hr class=\"wp-block-separator has-alpha-channel-opacity\"\/>\n\n\n\n<h2 class=\"wp-block-heading\"><strong>Abschnitt VII \u2013 Gesetzgebung und Gerichtsstand<\/strong><\/h2>\n\n\n\n<p>7.1. Diese Nutzungsbedingungen unterliegen den Gesetzen von <strong>F\u00f6derative Republik Brasilien<\/strong>, darunter das B\u00fcrgerliche Gesetzbuch, der Verbraucherschutzkodex, das Allgemeine Rahmengesetz f\u00fcr b\u00fcrgerliche Rechte im Internet und das Allgemeine Datenschutzgesetz (LGPD).<\/p>\n\n\n\n<p>7.2. F\u00fcr Fragen im Zusammenhang mit der Auslegung oder Einhaltung dieser Nutzungsbedingungen ist die Gerichtsbarkeit von <strong>Distrikt Sao Paulo \u2013 SP<\/strong>unter Verzicht auf jeden anderen Gerichtsstand.<\/p>\n\n\n\n<hr class=\"wp-block-separator has-alpha-channel-opacity\"\/>\n\n\n\n<h2 class=\"wp-block-heading\"><strong>Abschnitt VIII \u2013 Inhalt und geistiges Eigentum<\/strong><\/h2>\n\n\n\n<p>8.1. Alle Inhalte der <strong>R1 Neuigkeiten<\/strong> (einschlie\u00dflich Text, Bilder, Videos und Logos) ist durch Urheberrechte und geistige Eigentumsrechte gesch\u00fctzt.<\/p>\n\n\n\n<p>8.2. Die Vervielf\u00e4ltigung, Ver\u00e4nderung, Verbreitung oder unbefugte Nutzung s\u00e4mtlicher Inhalte des Portals ist ohne ausdr\u00fcckliche Zustimmung untersagt.<\/p>\n\n\n\n<p>8.3. DER <strong>R1 Neuigkeiten<\/strong> beh\u00e4lt sich das Recht vor, Inhalte zu entfernen, die gegen diese Bedingungen versto\u00dfen oder die Rechte Dritter verletzen.<\/p>\n\n\n\n<hr class=\"wp-block-separator has-alpha-channel-opacity\"\/>\n\n\n\n<h2 class=\"wp-block-heading\"><strong>Abschnitt IX \u2013 \u00c4nderung der Allgemeinen Gesch\u00e4ftsbedingungen<\/strong><\/h2>\n\n\n\n<p>DER <strong>R1 Neuigkeiten<\/strong> beh\u00e4lt sich das Recht vor, diese Nutzungsbedingungen jederzeit ohne vorherige Ank\u00fcndigung zu \u00e4ndern. Die aktualisierte Version wird auf dem Portal verf\u00fcgbar sein und die fortgesetzte Nutzung der Dienste gilt als Annahme der neuen Bedingungen.<\/p>\n\n\n\n<hr class=\"wp-block-separator has-alpha-channel-opacity\"\/>\n\n\n\n<h2 class=\"wp-block-heading\"><strong>Abschnitt X \u2013 Kontaktinformationen<\/strong><\/h2>\n\n\n\n<p>Bei Fragen oder Anregungen zu unseren Leistungen kontaktieren Sie uns gerne:<\/p>\n\n\n\n<p>\ud83d\udce9 contact@jornal316.com.br<\/p>\n\n\n\n<p>\ud83c\udf10 <strong><a href=\"https:\/\/r1news.com.br\/de\/\">https:\/\/r1news.com.br<\/a><\/strong><\/p>\n\n\n\n<hr class=\"wp-block-separator has-alpha-channel-opacity\"\/>\n\n\n\n<h2 class=\"wp-block-heading\"><strong>Datenschutzrichtlinie<\/strong><\/h2>\n\n\n\n<p>Die Datenschutzrichtlinie kann, sofern angegeben, durch Anklicken des folgenden Links eingesehen werden: <a>https:\/\/r1news.com.br\/politica-de-privacidade<\/a>. Wir empfehlen Ihnen, unsere Datenschutzrichtlinie sorgf\u00e4ltig zu lesen, um zu verstehen, wie Ihre pers\u00f6nlichen Daten bei der Nutzung unserer Dienste behandelt werden.<\/p>\n\n\n\n<p>Bei Verwendung des <strong>R1 Neuigkeiten<\/strong>best\u00e4tigen Sie, dass Sie diese Nutzungsbedingungen gelesen und verstanden haben und ihnen zustimmen.<\/p>","protected":false},"excerpt":{"rendered":"<p>Willkommen bei R1 News \u2013 Wertvolle Informationen im Internet! Diese Nutzungsbedingungen regeln den Zugriff auf und die Nutzung des R1 News-Portals (https:\/\/r1news.com.br), einem Portal zur Verbreitung von Inhalten rund um Kurse und berufliche Weiterbildung mit dem Ziel, unseren Nutzern relevante und wertvolle Informationen bereitzustellen. Durch den Zugriff auf oder die Nutzung von R1 News\u2026&nbsp;<a href=\"https:\/\/r1news.com.br\/de\/termos-de-uso\/\" rel=\"bookmark\"><span class=\"screen-reader-text\">Nutzungsbedingungen<\/span><\/a><\/p>","protected":false},"author":2,"featured_media":230,"parent":0,"menu_order":0,"comment_status":"closed","ping_status":"closed","template":"","meta":{"neve_meta_sidebar":"","neve_meta_container":"","neve_meta_enable_content_width":"","neve_meta_content_width":0,"neve_meta_title_alignment":"","neve_meta_author_avatar":"","neve_post_elements_order":"","neve_meta_disable_header":"","neve_meta_disable_footer":"","neve_meta_disable_title":"","footnotes":""},"class_list":["post-256","page","type-page","status-publish","has-post-thumbnail","hentry"],"_links":{"self":[{"href":"https:\/\/r1news.com.br\/de\/wp-json\/wp\/v2\/pages\/256","targetHints":{"allow":["GET"]}}],"collection":[{"href":"https:\/\/r1news.com.br\/de\/wp-json\/wp\/v2\/pages"}],"about":[{"href":"https:\/\/r1news.com.br\/de\/wp-json\/wp\/v2\/types\/page"}],"author":[{"embeddable":true,"href":"https:\/\/r1news.com.br\/de\/wp-json\/wp\/v2\/users\/2"}],"replies":[{"embeddable":true,"href":"https:\/\/r1news.com.br\/de\/wp-json\/wp\/v2\/comments?post=256"}],"version-history":[{"count":4,"href":"https:\/\/r1news.com.br\/de\/wp-json\/wp\/v2\/pages\/256\/revisions"}],"predecessor-version":[{"id":838,"href":"https:\/\/r1news.com.br\/de\/wp-json\/wp\/v2\/pages\/256\/revisions\/838"}],"wp:featuredmedia":[{"embeddable":true,"href":"https:\/\/r1news.com.br\/de\/wp-json\/wp\/v2\/media\/230"}],"wp:attachment":[{"href":"https:\/\/r1news.com.br\/de\/wp-json\/wp\/v2\/media?parent=256"}],"curies":[{"name":"wp","href":"https:\/\/api.w.org\/{rel}","templated":true}]}}