{"id":254,"date":"2025-02-20T18:24:08","date_gmt":"2025-02-20T18:24:08","guid":{"rendered":"https:\/\/r1news.com.br\/?page_id=254"},"modified":"2025-03-11T12:38:57","modified_gmt":"2025-03-11T12:38:57","slug":"sobre-nos","status":"publish","type":"page","link":"https:\/\/r1news.com.br\/de\/sobre-nos\/","title":{"rendered":"\u00dcber uns"},"content":{"rendered":"<p>Willkommen bei <strong>R1 Neuigkeiten<\/strong> \u2013 Wertvolle Informationen im Internet!<\/p>\n\n\n\n<p>Wir glauben, dass Wissen der Schl\u00fcssel zum pers\u00f6nlichen und beruflichen Wachstum ist. Deshalb haben wir das <strong>R1 Neuigkeiten<\/strong> Mit dem Ziel, qualitativ hochwertige Inhalte bereitzustellen, die Ihnen dabei helfen, auf dem Arbeitsmarkt auf dem Laufenden zu bleiben, neue F\u00e4higkeiten zu entwickeln und die besten M\u00f6glichkeiten zur beruflichen Weiterentwicklung zu finden.<\/p>\n\n\n\n<hr class=\"wp-block-separator has-alpha-channel-opacity\"\/>\n\n\n\n<h3 class=\"wp-block-heading\"><strong>Wer wir sind<\/strong><\/h3>\n\n\n\n<p>DER <strong>R1 Neuigkeiten<\/strong> ist ein Portal, das sich der Verbreitung von Kursen und Inhalten widmet, die auf Bildung und berufliche Entwicklung abzielen. Wir sind ein Team aus Experten f\u00fcr Inhalte, Bildung und Technologie, das sich daf\u00fcr einsetzt, Ihnen die besten Informationen und Anleitungen zu bieten, damit Sie Ihre Ziele erreichen.<\/p>\n\n\n\n<p>Unser Fokus liegt darauf, einen Raum zu schaffen, in dem Sie jederzeit auf das Lernen und wertvolle Informationen zugreifen k\u00f6nnen. Egal, ob Sie einen neuen Kurs suchen, Ihre Kenntnisse verbessern oder \u00fcber die neuesten Markttrends auf dem Laufenden bleiben m\u00f6chten, <strong>R1 Neuigkeiten<\/strong> ist hier, um Sie auf dieser Reise zu begleiten.<\/p>\n\n\n\n<hr class=\"wp-block-separator has-alpha-channel-opacity\"\/>\n\n\n\n<h3 class=\"wp-block-heading\"><strong>Unser Ziel<\/strong><\/h3>\n\n\n\n<p>Unser Ziel ist es, Informationen f\u00fcr alle zug\u00e4nglich und n\u00fctzlich zu machen. Wir glauben, dass Wissen eine der S\u00e4ulen des Erfolgs ist, und unser Ziel ist es, Ihnen zu helfen, die besten Wege f\u00fcr Ihr pers\u00f6nliches und berufliches Wachstum zu finden.<\/p>\n\n\n\n<hr class=\"wp-block-separator has-alpha-channel-opacity\"\/>\n\n\n\n<h3 class=\"wp-block-heading\"><strong>Wir m\u00f6chten von Ihnen h\u00f6ren<\/strong><\/h3>\n\n\n\n<p>Ihre Meinung ist uns sehr wichtig! Wir sch\u00e4tzen Ihre Ideen und Vorschl\u00e4ge, um die <strong>R1 Neuigkeiten<\/strong> f\u00fcr Sie immer n\u00fctzlicher und relevanter.<\/p>\n\n\n\n<p>\ud83d\udce9 <strong>Kontakt zu uns:<\/strong><br>\ud83d\udc49 E-Mail: <a>dmbportaisnovos@gmail.com<\/a><br>\ud83d\udc49 Website: <a href=\"https:\/\/r1news.com.br\/de\/\">https:\/\/r1news.com.br<\/a><\/p>\n\n\n\n<p>Folgen Sie den <strong>R1 Neuigkeiten<\/strong> und entdecken Sie, wie das richtige Wissen Ihr Leben ver\u00e4ndern kann!<\/p>","protected":false},"excerpt":{"rendered":"<p>Willkommen bei R1 News \u2013 Wertvolle Informationen im Internet! Wir sind \u00fcberzeugt, dass Wissen der Schl\u00fcssel zu pers\u00f6nlichem und beruflichem Wachstum ist. Deshalb haben wir R1 News ins Leben gerufen: mit dem Ziel, Ihnen hochwertige Inhalte zu bieten, Sie \u00fcber den Arbeitsmarkt auf dem Laufenden zu halten, Ihre F\u00e4higkeiten zu erweitern und die besten Chancen zu finden.&nbsp;<a href=\"https:\/\/r1news.com.br\/de\/sobre-nos\/\" rel=\"bookmark\"><span class=\"screen-reader-text\">\u00dcber uns<\/span><\/a><\/p>","protected":false},"author":2,"featured_media":229,"parent":0,"menu_order":0,"comment_status":"closed","ping_status":"closed","template":"","meta":{"neve_meta_sidebar":"","neve_meta_container":"","neve_meta_enable_content_width":"","neve_meta_content_width":0,"neve_meta_title_alignment":"","neve_meta_author_avatar":"","neve_post_elements_order":"","neve_meta_disable_header":"","neve_meta_disable_footer":"","neve_meta_disable_title":"","footnotes":""},"class_list":["post-254","page","type-page","status-publish","has-post-thumbnail","hentry"],"_links":{"self":[{"href":"https:\/\/r1news.com.br\/de\/wp-json\/wp\/v2\/pages\/254","targetHints":{"allow":["GET"]}}],"collection":[{"href":"https:\/\/r1news.com.br\/de\/wp-json\/wp\/v2\/pages"}],"about":[{"href":"https:\/\/r1news.com.br\/de\/wp-json\/wp\/v2\/types\/page"}],"author":[{"embeddable":true,"href":"https:\/\/r1news.com.br\/de\/wp-json\/wp\/v2\/users\/2"}],"replies":[{"embeddable":true,"href":"https:\/\/r1news.com.br\/de\/wp-json\/wp\/v2\/comments?post=254"}],"version-history":[{"count":2,"href":"https:\/\/r1news.com.br\/de\/wp-json\/wp\/v2\/pages\/254\/revisions"}],"predecessor-version":[{"id":367,"href":"https:\/\/r1news.com.br\/de\/wp-json\/wp\/v2\/pages\/254\/revisions\/367"}],"wp:featuredmedia":[{"embeddable":true,"href":"https:\/\/r1news.com.br\/de\/wp-json\/wp\/v2\/media\/229"}],"wp:attachment":[{"href":"https:\/\/r1news.com.br\/de\/wp-json\/wp\/v2\/media?parent=254"}],"curies":[{"name":"wp","href":"https:\/\/api.w.org\/{rel}","templated":true}]}}